{"id":369,"date":"2021-09-23T10:16:42","date_gmt":"2021-09-23T13:16:42","guid":{"rendered":"https:\/\/eletrocompras-cadastro.com\/?page_id=369"},"modified":"2023-01-20T14:50:51","modified_gmt":"2023-01-20T17:50:51","slug":"eletrocompras-2","status":"publish","type":"page","link":"https:\/\/eletrocompras-cadastro.com\/","title":{"rendered":"Eletrocompras Plataforma B2B"},"content":{"rendered":"\t\t<div data-elementor-type=\"wp-page\" data-elementor-id=\"369\" class=\"elementor elementor-369\">\n\t\t\t\t\t\t<div class=\"elementor-inner\">\n\t\t\t\t<div class=\"elementor-section-wrap\">\n\t\t\t\t\t\t\t\t\t<section class=\"elementor-section elementor-top-section elementor-element elementor-element-cedc5ef elementor-section-boxed elementor-section-height-default elementor-section-height-default\" data-id=\"cedc5ef\" data-element_type=\"section\">\n\t\t\t\t\t\t<div class=\"elementor-container elementor-column-gap-default\">\n\t\t\t\t\t\t\t<div class=\"elementor-row\">\n\t\t\t\t\t<div class=\"elementor-column elementor-col-100 elementor-top-column elementor-element elementor-element-12ea947\" data-id=\"12ea947\" data-element_type=\"column\">\n\t\t\t<div class=\"elementor-column-wrap elementor-element-populated\">\n\t\t\t\t\t\t\t<div class=\"elementor-widget-wrap\">\n\t\t\t\t\t\t<div class=\"elementor-element elementor-element-c54f31a elementor-widget elementor-widget-spacer\" data-id=\"c54f31a\" data-element_type=\"widget\" data-widget_type=\"spacer.default\">\n\t\t\t\t<div class=\"elementor-widget-container\">\n\t\t\t\t\t<div class=\"elementor-spacer\">\n\t\t\t<div class=\"elementor-spacer-inner\"><\/div>\n\t\t<\/div>\n\t\t\t\t<\/div>\n\t\t\t\t<\/div>\n\t\t\t\t\t\t<\/div>\n\t\t\t\t\t<\/div>\n\t\t<\/div>\n\t\t\t\t\t\t\t\t<\/div>\n\t\t\t\t\t<\/div>\n\t\t<\/section>\n\t\t\t\t<section class=\"elementor-section elementor-top-section elementor-element elementor-element-698bd31 elementor-section-boxed elementor-section-height-default elementor-section-height-default\" data-id=\"698bd31\" data-element_type=\"section\">\n\t\t\t\t\t\t<div class=\"elementor-container elementor-column-gap-default\">\n\t\t\t\t\t\t\t<div class=\"elementor-row\">\n\t\t\t\t\t<div class=\"elementor-column elementor-col-100 elementor-top-column elementor-element elementor-element-b0681e3\" data-id=\"b0681e3\" data-element_type=\"column\">\n\t\t\t<div class=\"elementor-column-wrap elementor-element-populated\">\n\t\t\t\t\t\t\t<div class=\"elementor-widget-wrap\">\n\t\t\t\t\t\t<div class=\"elementor-element elementor-element-9cf8bcb elementor-widget elementor-widget-heading\" data-id=\"9cf8bcb\" data-element_type=\"widget\" data-widget_type=\"heading.default\">\n\t\t\t\t<div class=\"elementor-widget-container\">\n\t\t\t<h3 class=\"elementor-heading-title elementor-size-default\">Perfeita para a ind\u00fastria\ne para o varejo<\/h3>\t\t<\/div>\n\t\t\t\t<\/div>\n\t\t\t\t<div class=\"elementor-element elementor-element-014606e elementor-widget elementor-widget-text-editor\" data-id=\"014606e\" data-element_type=\"widget\" data-widget_type=\"text-editor.default\">\n\t\t\t\t<div class=\"elementor-widget-container\">\n\t\t\t\t\t\t\t\t<div class=\"elementor-text-editor elementor-clearfix\">\n\t\t\t\t<p>Conecte sua empresa a nova plataforma B2B e comece a vender ao pequeno e m\u00e9dio varejo em todo o Brasil.<\/p>\t\t\t\t\t<\/div>\n\t\t\t\t\t\t<\/div>\n\t\t\t\t<\/div>\n\t\t\t\t\t\t<\/div>\n\t\t\t\t\t<\/div>\n\t\t<\/div>\n\t\t\t\t\t\t\t\t<\/div>\n\t\t\t\t\t<\/div>\n\t\t<\/section>\n\t\t\t\t<section class=\"elementor-section elementor-top-section elementor-element elementor-element-ff03c24 elementor-section-boxed elementor-section-height-default elementor-section-height-default\" data-id=\"ff03c24\" data-element_type=\"section\">\n\t\t\t\t\t\t<div class=\"elementor-container elementor-column-gap-default\">\n\t\t\t\t\t\t\t<div class=\"elementor-row\">\n\t\t\t\t\t<div class=\"elementor-column elementor-col-100 elementor-top-column elementor-element elementor-element-5068804\" data-id=\"5068804\" data-element_type=\"column\">\n\t\t\t<div class=\"elementor-column-wrap elementor-element-populated\">\n\t\t\t\t\t\t\t<div class=\"elementor-widget-wrap\">\n\t\t\t\t\t\t<div class=\"elementor-element elementor-element-faac2e8 elementor-widget elementor-widget-spacer\" data-id=\"faac2e8\" data-element_type=\"widget\" data-widget_type=\"spacer.default\">\n\t\t\t\t<div class=\"elementor-widget-container\">\n\t\t\t\t\t<div class=\"elementor-spacer\">\n\t\t\t<div class=\"elementor-spacer-inner\"><\/div>\n\t\t<\/div>\n\t\t\t\t<\/div>\n\t\t\t\t<\/div>\n\t\t\t\t\t\t<\/div>\n\t\t\t\t\t<\/div>\n\t\t<\/div>\n\t\t\t\t\t\t\t\t<\/div>\n\t\t\t\t\t<\/div>\n\t\t<\/section>\n\t\t\t\t<section class=\"elementor-section elementor-top-section elementor-element elementor-element-4ee29d2 elementor-section-boxed elementor-section-height-default elementor-section-height-default\" data-id=\"4ee29d2\" data-element_type=\"section\">\n\t\t\t\t\t\t<div class=\"elementor-container elementor-column-gap-default\">\n\t\t\t\t\t\t\t<div class=\"elementor-row\">\n\t\t\t\t\t<div class=\"elementor-column elementor-col-50 elementor-top-column elementor-element elementor-element-ec257e0\" data-id=\"ec257e0\" data-element_type=\"column\">\n\t\t\t<div class=\"elementor-column-wrap elementor-element-populated\">\n\t\t\t\t\t\t\t<div class=\"elementor-widget-wrap\">\n\t\t\t\t\t\t<div class=\"elementor-element elementor-element-318937a elementor-widget elementor-widget-video\" data-id=\"318937a\" data-element_type=\"widget\" data-settings=\"{&quot;youtube_url&quot;:&quot;https:\\\/\\\/www.youtube.com\\\/watch?v=9AhB2ddAb2k&quot;,&quot;video_type&quot;:&quot;youtube&quot;,&quot;controls&quot;:&quot;yes&quot;}\" data-widget_type=\"video.default\">\n\t\t\t\t<div class=\"elementor-widget-container\">\n\t\t\t\t\t<div class=\"elementor-wrapper elementor-open-inline\">\n\t\t\t<div class=\"elementor-video\"><\/div>\t\t<\/div>\n\t\t\t\t<\/div>\n\t\t\t\t<\/div>\n\t\t\t\t\t\t<\/div>\n\t\t\t\t\t<\/div>\n\t\t<\/div>\n\t\t\t\t<div class=\"elementor-column elementor-col-50 elementor-top-column elementor-element elementor-element-f4a20d6\" data-id=\"f4a20d6\" data-element_type=\"column\">\n\t\t\t<div class=\"elementor-column-wrap elementor-element-populated\">\n\t\t\t\t\t\t\t<div class=\"elementor-widget-wrap\">\n\t\t\t\t\t\t<div class=\"elementor-element elementor-element-2852fe5 elementor-widget elementor-widget-heading\" data-id=\"2852fe5\" data-element_type=\"widget\" data-widget_type=\"heading.default\">\n\t\t\t\t<div class=\"elementor-widget-container\">\n\t\t\t<h3 class=\"elementor-heading-title elementor-size-default\">Fa\u00e7a agora mesmo o seu pr\u00e9-cadastro<\/h3>\t\t<\/div>\n\t\t\t\t<\/div>\n\t\t\t\t<div class=\"elementor-element elementor-element-75c41cc elementor-widget elementor-widget-html\" data-id=\"75c41cc\" data-element_type=\"widget\" data-widget_type=\"html.default\">\n\t\t\t\t<div class=\"elementor-widget-container\">\n\t\t\t<script charset=\"utf-8\" type=\"text\/javascript\" src=\"\/\/js.hsforms.net\/forms\/v2.js\"><\/script>\n<script>\n  hbspt.forms.create({\n    region: \"na1\",\n    portalId: \"20961089\",\n    formId: \"5c6291fa-5075-44d9-a407-2a8b92c9b8b2\"\n  });\n<\/script>\t\t<\/div>\n\t\t\t\t<\/div>\n\t\t\t\t<div class=\"elementor-element elementor-element-c047459 elementor-hidden-desktop elementor-hidden-tablet elementor-hidden-phone elementor-button-align-stretch elementor-widget elementor-widget-form\" data-id=\"c047459\" data-element_type=\"widget\" data-settings=\"{&quot;step_next_label&quot;:&quot;Next&quot;,&quot;step_previous_label&quot;:&quot;Previous&quot;,&quot;button_width&quot;:&quot;100&quot;,&quot;step_type&quot;:&quot;number_text&quot;,&quot;step_icon_shape&quot;:&quot;circle&quot;}\" data-widget_type=\"form.default\">\n\t\t\t\t<div class=\"elementor-widget-container\">\n\t\t\t\t\t<form class=\"elementor-form\" method=\"post\" name=\"Cadastro\">\n\t\t\t<input type=\"hidden\" name=\"post_id\" value=\"369\"\/>\n\t\t\t<input type=\"hidden\" name=\"form_id\" value=\"c047459\"\/>\n\t\t\t<input type=\"hidden\" name=\"referer_title\" value=\"\" \/>\n\n\t\t\t\n\t\t\t<div class=\"elementor-form-fields-wrapper elementor-labels-\">\n\t\t\t\t\t\t\t\t<div class=\"elementor-field-type-select elementor-field-group elementor-column elementor-field-group-modalidade elementor-col-50 elementor-field-required\">\n\t\t\t\t\t<label for=\"form-field-modalidade\" class=\"elementor-field-label elementor-screen-only\">Modalidade<\/label>\t\t<div class=\"elementor-field elementor-select-wrapper \">\n\t\t\t<select name=\"form_fields[modalidade]\" id=\"form-field-modalidade\" class=\"elementor-field-textual elementor-size-sm\" required=\"required\" aria-required=\"true\">\n\t\t\t\t<option value=\"\">Modalidade<\/option><option value=\"lojista\">Lojista<\/option><option value=\"fornecedor\">Fornecedor<\/option><option value=\"\"><\/option>\t\t\t<\/select>\n\t\t<\/div>\n\t\t\t\t\t\t<\/div>\n\t\t\t\t\t\t\t\t<div class=\"elementor-field-type-text elementor-field-group elementor-column elementor-field-group-empresa elementor-col-50 elementor-field-required\">\n\t\t\t\t\t<label for=\"form-field-empresa\" class=\"elementor-field-label elementor-screen-only\">Nome da empresa<\/label><input size=\"1\" type=\"text\" name=\"form_fields[empresa]\" id=\"form-field-empresa\" class=\"elementor-field elementor-size-sm  elementor-field-textual\" placeholder=\"Nome da empresa\" required=\"required\" aria-required=\"true\">\t\t\t\t<\/div>\n\t\t\t\t\t\t\t\t<div class=\"elementor-field-type-text elementor-field-group elementor-column elementor-field-group-cargo elementor-col-50 elementor-field-required\">\n\t\t\t\t\t<label for=\"form-field-cargo\" class=\"elementor-field-label elementor-screen-only\">Cargo<\/label><input size=\"1\" type=\"text\" name=\"form_fields[cargo]\" id=\"form-field-cargo\" class=\"elementor-field elementor-size-sm  elementor-field-textual\" placeholder=\"Cargo na empresa\" required=\"required\" aria-required=\"true\">\t\t\t\t<\/div>\n\t\t\t\t\t\t\t\t<div class=\"elementor-field-type-text elementor-field-group elementor-column elementor-field-group-nome elementor-col-50 elementor-field-required\">\n\t\t\t\t\t<label for=\"form-field-nome\" class=\"elementor-field-label elementor-screen-only\">Nome<\/label><input size=\"1\" type=\"text\" name=\"form_fields[nome]\" id=\"form-field-nome\" class=\"elementor-field elementor-size-sm  elementor-field-textual\" placeholder=\"Nome completo\" required=\"required\" aria-required=\"true\">\t\t\t\t<\/div>\n\t\t\t\t\t\t\t\t<div class=\"elementor-field-type-email elementor-field-group elementor-column elementor-field-group-email elementor-col-50 elementor-field-required\">\n\t\t\t\t\t<label for=\"form-field-email\" class=\"elementor-field-label elementor-screen-only\">E-mail<\/label><input size=\"1\" type=\"email\" name=\"form_fields[email]\" id=\"form-field-email\" class=\"elementor-field elementor-size-sm  elementor-field-textual\" placeholder=\"E-mail\" required=\"required\" aria-required=\"true\">\t\t\t\t<\/div>\n\t\t\t\t\t\t\t\t<div class=\"elementor-field-type-text elementor-field-group elementor-column elementor-field-group-telefone elementor-col-50\">\n\t\t\t\t\t<label for=\"form-field-telefone\" class=\"elementor-field-label elementor-screen-only\">Telefone<\/label><input size=\"1\" type=\"text\" name=\"form_fields[telefone]\" id=\"form-field-telefone\" class=\"elementor-field elementor-size-sm  elementor-field-textual\" placeholder=\"Telefone\">\t\t\t\t<\/div>\n\t\t\t\t\t\t\t\t<div class=\"elementor-field-type-select elementor-field-group elementor-column elementor-field-group-field_572b345 elementor-col-100 elementor-field-required\">\n\t\t\t\t\t<label for=\"form-field-field_572b345\" class=\"elementor-field-label elementor-screen-only\">Sua loja possui um e-commerce?<\/label>\t\t<div class=\"elementor-field elementor-select-wrapper \">\n\t\t\t<select name=\"form_fields[field_572b345]\" id=\"form-field-field_572b345\" class=\"elementor-field-textual elementor-size-sm\" required=\"required\" aria-required=\"true\">\n\t\t\t\t<option value=\"\">Sua loja possui e-commerce?<\/option><option value=\"sim\">Sim<\/option><option value=\"nao\">N\u00e3o<\/option><option value=\"construcao\">Em constru\u00e7\u00e3o<\/option>\t\t\t<\/select>\n\t\t<\/div>\n\t\t\t\t\t\t<\/div>\n\t\t\t\t\t\t\t\t<div class=\"elementor-field-type-text elementor-field-group elementor-column elementor-field-group-field_aa11ac8 elementor-col-100\">\n\t\t\t\t\t<label for=\"form-field-field_aa11ac8\" class=\"elementor-field-label elementor-screen-only\">Plataforma<\/label><input size=\"1\" type=\"text\" name=\"form_fields[field_aa11ac8]\" id=\"form-field-field_aa11ac8\" class=\"elementor-field elementor-size-sm  elementor-field-textual\" placeholder=\"Caso possua e-commerce, qual plataforma \u00e9 utilizada?\">\t\t\t\t<\/div>\n\t\t\t\t\t\t\t\t<div class=\"elementor-field-type-text elementor-field-group elementor-column elementor-field-group-field_5bf4770 elementor-col-100\">\n\t\t\t\t\t<label for=\"form-field-field_5bf4770\" class=\"elementor-field-label elementor-screen-only\">Distribui\u00e7\u00e3o<\/label><input size=\"1\" type=\"text\" name=\"form_fields[field_5bf4770]\" id=\"form-field-field_5bf4770\" class=\"elementor-field elementor-size-sm  elementor-field-textual\" placeholder=\"Possui centro de distribui\u00e7\u00e3o? Se sim, onde est\u00e1 localizado?\">\t\t\t\t<\/div>\n\t\t\t\t\t\t\t\t<div class=\"elementor-field-type-text elementor-field-group elementor-column elementor-field-group-field_9556dd1 elementor-col-100\">\n\t\t\t\t\t<label for=\"form-field-field_9556dd1\" class=\"elementor-field-label elementor-screen-only\">Marketplace<\/label><input size=\"1\" type=\"text\" name=\"form_fields[field_9556dd1]\" id=\"form-field-field_9556dd1\" class=\"elementor-field elementor-size-sm  elementor-field-textual\" placeholder=\"Sua loja online est\u00e1 integrada em algum marketplace? (Amazon, Mercado Livre, etc)\">\t\t\t\t<\/div>\n\t\t\t\t\t\t\t\t<div class=\"elementor-field-type-radio elementor-field-group elementor-column elementor-field-group-field_f3a9428 elementor-col-100\">\n\t\t\t\t\t<label for=\"form-field-field_f3a9428\" class=\"elementor-field-label elementor-screen-only\">B2C<\/label><div class=\"elementor-field-subgroup  \"><span class=\"elementor-field-option\"><input type=\"radio\" value=\"Sim \" id=\"form-field-field_f3a9428-0\" name=\"form_fields[field_f3a9428]\"> <label for=\"form-field-field_f3a9428-0\">Sim <\/label><\/span><span class=\"elementor-field-option\"><input type=\"radio\" value=\"N\u00e3o\" id=\"form-field-field_f3a9428-1\" name=\"form_fields[field_f3a9428]\"> <label for=\"form-field-field_f3a9428-1\">N\u00e3o<\/label><\/span><\/div>\t\t\t\t<\/div>\n\t\t\t\t\t\t\t\t<div class=\"elementor-field-group elementor-column elementor-field-type-submit elementor-col-100 e-form__buttons\">\n\t\t\t\t\t<button type=\"submit\" class=\"elementor-button elementor-size-sm\">\n\t\t\t\t\t\t<span >\n\t\t\t\t\t\t\t\t\t\t\t\t\t\t\t<span class=\" elementor-button-icon\">\n\t\t\t\t\t\t\t\t\t\t\t\t\t\t\t\t\t\t\t\t\t\t\t\t\t\t<\/span>\n\t\t\t\t\t\t\t\t\t\t\t\t\t\t\t\t\t\t\t\t\t\t<span class=\"elementor-button-text\">Enviar<\/span>\n\t\t\t\t\t\t\t\t\t\t\t\t\t<\/span>\n\t\t\t\t\t<\/button>\n\t\t\t\t<\/div>\n\t\t\t<\/div>\n\t\t<\/form>\n\t\t\t\t<\/div>\n\t\t\t\t<\/div>\n\t\t\t\t\t\t<\/div>\n\t\t\t\t\t<\/div>\n\t\t<\/div>\n\t\t\t\t\t\t\t\t<\/div>\n\t\t\t\t\t<\/div>\n\t\t<\/section>\n\t\t\t\t<section class=\"elementor-section elementor-top-section elementor-element elementor-element-3d3885d elementor-hidden-tablet elementor-hidden-phone elementor-section-boxed elementor-section-height-default elementor-section-height-default\" data-id=\"3d3885d\" data-element_type=\"section\">\n\t\t\t\t\t\t<div class=\"elementor-container elementor-column-gap-default\">\n\t\t\t\t\t\t\t<div class=\"elementor-row\">\n\t\t\t\t\t<div class=\"elementor-column elementor-col-100 elementor-top-column elementor-element elementor-element-d6d9e7f\" data-id=\"d6d9e7f\" data-element_type=\"column\">\n\t\t\t<div class=\"elementor-column-wrap elementor-element-populated\">\n\t\t\t\t\t\t\t<div class=\"elementor-widget-wrap\">\n\t\t\t\t\t\t<div class=\"elementor-element elementor-element-7d5c169 elementor-widget elementor-widget-image\" data-id=\"7d5c169\" data-element_type=\"widget\" data-settings=\"{&quot;motion_fx_motion_fx_mouse&quot;:&quot;yes&quot;}\" data-widget_type=\"image.default\">\n\t\t\t\t<div class=\"elementor-widget-container\">\n\t\t\t\t\t\t\t\t<div class=\"elementor-image\">\n\t\t\t\t\t\t\t\t\t\t\t\t\t<a href=\"https:\/\/eletrocompras-cadastro.com\/wp-content\/uploads\/2022\/10\/eletrocompras-1.pdf\" target=\"_blank\">\n\t\t\t\t\t\t\t<img loading=\"lazy\" decoding=\"async\" width=\"2048\" height=\"1259\" src=\"https:\/\/eletrocompras-cadastro.com\/wp-content\/uploads\/2022\/06\/Mesa-de-trabajo-1@4x-2048x1259.png\" class=\"elementor-animation-grow attachment-2048x2048 size-2048x2048 wp-image-732\" alt=\"Leia nossa apresenta\u00e7\u00e3o\" srcset=\"https:\/\/eletrocompras-cadastro.com\/wp-content\/uploads\/2022\/06\/Mesa-de-trabajo-1@4x-2048x1259.png 2048w, https:\/\/eletrocompras-cadastro.com\/wp-content\/uploads\/2022\/06\/Mesa-de-trabajo-1@4x-300x184.png 300w, https:\/\/eletrocompras-cadastro.com\/wp-content\/uploads\/2022\/06\/Mesa-de-trabajo-1@4x-1024x630.png 1024w, https:\/\/eletrocompras-cadastro.com\/wp-content\/uploads\/2022\/06\/Mesa-de-trabajo-1@4x-768x472.png 768w, https:\/\/eletrocompras-cadastro.com\/wp-content\/uploads\/2022\/06\/Mesa-de-trabajo-1@4x-1536x944.png 1536w, https:\/\/eletrocompras-cadastro.com\/wp-content\/uploads\/2022\/06\/Mesa-de-trabajo-1@4x-1568x964.png 1568w\" sizes=\"auto, (max-width: 2048px) 100vw, 2048px\" style=\"width:100%;height:61.48%;max-width:4320px\" \/>\t\t\t\t\t\t\t\t<\/a>\n\t\t\t\t\t\t\t\t\t\t\t\t\t\t<\/div>\n\t\t\t\t\t\t<\/div>\n\t\t\t\t<\/div>\n\t\t\t\t\t\t<\/div>\n\t\t\t\t\t<\/div>\n\t\t<\/div>\n\t\t\t\t\t\t\t\t<\/div>\n\t\t\t\t\t<\/div>\n\t\t<\/section>\n\t\t\t\t<section class=\"elementor-section elementor-top-section elementor-element elementor-element-420f653 elementor-hidden-desktop elementor-section-boxed elementor-section-height-default elementor-section-height-default\" data-id=\"420f653\" data-element_type=\"section\">\n\t\t\t\t\t\t<div class=\"elementor-container elementor-column-gap-default\">\n\t\t\t\t\t\t\t<div class=\"elementor-row\">\n\t\t\t\t\t<div class=\"elementor-column elementor-col-100 elementor-top-column elementor-element elementor-element-466de5d\" data-id=\"466de5d\" data-element_type=\"column\">\n\t\t\t<div class=\"elementor-column-wrap elementor-element-populated\">\n\t\t\t\t\t\t\t<div class=\"elementor-widget-wrap\">\n\t\t\t\t\t\t<div class=\"elementor-element elementor-element-a298e0b elementor-widget elementor-widget-image\" data-id=\"a298e0b\" data-element_type=\"widget\" data-settings=\"{&quot;motion_fx_motion_fx_mouse&quot;:&quot;yes&quot;}\" data-widget_type=\"image.default\">\n\t\t\t\t<div class=\"elementor-widget-container\">\n\t\t\t\t\t\t\t\t<div class=\"elementor-image\">\n\t\t\t\t\t\t\t\t\t\t\t\t\t<a href=\"https:\/\/eletrocompras-cadastro.com\/wp-content\/uploads\/2022\/10\/eletrocompras-1.pdf\" target=\"_blank\">\n\t\t\t\t\t\t\t<img loading=\"lazy\" decoding=\"async\" width=\"2048\" height=\"1697\" src=\"https:\/\/eletrocompras-cadastro.com\/wp-content\/uploads\/2022\/06\/mobile-2048x1697.png\" class=\"elementor-animation-grow attachment-2048x2048 size-2048x2048 wp-image-782\" alt=\"\" srcset=\"https:\/\/eletrocompras-cadastro.com\/wp-content\/uploads\/2022\/06\/mobile-2048x1697.png 2048w, https:\/\/eletrocompras-cadastro.com\/wp-content\/uploads\/2022\/06\/mobile-300x249.png 300w, https:\/\/eletrocompras-cadastro.com\/wp-content\/uploads\/2022\/06\/mobile-1024x848.png 1024w, https:\/\/eletrocompras-cadastro.com\/wp-content\/uploads\/2022\/06\/mobile-768x636.png 768w, https:\/\/eletrocompras-cadastro.com\/wp-content\/uploads\/2022\/06\/mobile-1536x1272.png 1536w, https:\/\/eletrocompras-cadastro.com\/wp-content\/uploads\/2022\/06\/mobile-1568x1299.png 1568w\" sizes=\"auto, (max-width: 2048px) 100vw, 2048px\" style=\"width:100%;height:82.84%;max-width:2844px\" \/>\t\t\t\t\t\t\t\t<\/a>\n\t\t\t\t\t\t\t\t\t\t\t\t\t\t<\/div>\n\t\t\t\t\t\t<\/div>\n\t\t\t\t<\/div>\n\t\t\t\t\t\t<\/div>\n\t\t\t\t\t<\/div>\n\t\t<\/div>\n\t\t\t\t\t\t\t\t<\/div>\n\t\t\t\t\t<\/div>\n\t\t<\/section>\n\t\t\t\t\t\t\t\t\t<\/div>\n\t\t\t<\/div>\n\t\t\t\t\t<\/div>\n\t\t","protected":false},"excerpt":{"rendered":"<p>Perfeita para a ind\u00fastria e para o varejo Conecte sua empresa a nova plataforma B2B e comece a vender ao pequeno e m\u00e9dio varejo em todo o Brasil. Fa\u00e7a agora mesmo o seu pr\u00e9-cadastro<\/p>\n","protected":false},"author":1,"featured_media":0,"parent":0,"menu_order":0,"comment_status":"closed","ping_status":"closed","template":"elementor_header_footer","meta":{"inline_featured_image":false,"footnotes":""},"class_list":["post-369","page","type-page","status-publish","hentry","entry"],"_links":{"self":[{"href":"https:\/\/eletrocompras-cadastro.com\/index.php\/wp-json\/wp\/v2\/pages\/369","targetHints":{"allow":["GET"]}}],"collection":[{"href":"https:\/\/eletrocompras-cadastro.com\/index.php\/wp-json\/wp\/v2\/pages"}],"about":[{"href":"https:\/\/eletrocompras-cadastro.com\/index.php\/wp-json\/wp\/v2\/types\/page"}],"author":[{"embeddable":true,"href":"https:\/\/eletrocompras-cadastro.com\/index.php\/wp-json\/wp\/v2\/users\/1"}],"replies":[{"embeddable":true,"href":"https:\/\/eletrocompras-cadastro.com\/index.php\/wp-json\/wp\/v2\/comments?post=369"}],"version-history":[{"count":416,"href":"https:\/\/eletrocompras-cadastro.com\/index.php\/wp-json\/wp\/v2\/pages\/369\/revisions"}],"predecessor-version":[{"id":886,"href":"https:\/\/eletrocompras-cadastro.com\/index.php\/wp-json\/wp\/v2\/pages\/369\/revisions\/886"}],"wp:attachment":[{"href":"https:\/\/eletrocompras-cadastro.com\/index.php\/wp-json\/wp\/v2\/media?parent=369"}],"curies":[{"name":"wp","href":"https:\/\/api.w.org\/{rel}","templated":true}]}}